{"id":412,"date":"2024-12-18T18:46:48","date_gmt":"2024-12-18T21:46:48","guid":{"rendered":"https:\/\/elevata.siteup.dev\/?page_id=412"},"modified":"2025-02-04T10:41:44","modified_gmt":"2025-02-04T13:41:44","slug":"sobre-nos","status":"publish","type":"page","link":"https:\/\/elevata.siteup.dev\/en\/sobre-nos\/","title":{"rendered":"About us"},"content":{"rendered":"<div data-elementor-type=\"wp-page\" data-elementor-id=\"412\" class=\"elementor elementor-412\" data-elementor-post-type=\"page\">\n\t\t\t\t<div class=\"elementor-element elementor-element-340827f e-flex e-con-boxed e-con e-parent\" data-id=\"340827f\" data-element_type=\"container\" data-settings=\"{&quot;background_background&quot;:&quot;classic&quot;}\">\n\t\t\t\t\t<div class=\"e-con-inner\">\n\t\t\t\t<div class=\"elementor-element elementor-element-cd40188 elementor-widget elementor-widget-heading\" data-id=\"cd40188\" data-element_type=\"widget\" data-widget_type=\"heading.default\">\n\t\t\t\t<div class=\"elementor-widget-container\">\n\t\t\t\t\t<h1 class=\"elementor-heading-title elementor-size-default\">Cloud Consulting<\/h1>\t\t\t\t<\/div>\n\t\t\t\t<\/div>\n\t\t\t\t<div class=\"elementor-element elementor-element-0331aca elementor-widget__width-initial elementor-widget-mobile__width-inherit elementor-widget elementor-widget-heading\" data-id=\"0331aca\" data-element_type=\"widget\" data-widget_type=\"heading.default\">\n\t\t\t\t<div class=\"elementor-widget-container\">\n\t\t\t\t\t<h2 class=\"elementor-heading-title elementor-size-default\">Democratizing innovation, elevating business<\/h2>\t\t\t\t<\/div>\n\t\t\t\t<\/div>\n\t\t\t\t\t<\/div>\n\t\t\t\t<\/div>\n\t\t<div class=\"elementor-element elementor-element-75f4163 e-flex e-con-boxed e-con e-parent\" data-id=\"75f4163\" data-element_type=\"container\">\n\t\t\t\t\t<div class=\"e-con-inner\">\n\t\t<div class=\"elementor-element elementor-element-58fd7e6 e-con-full e-flex e-con e-child\" data-id=\"58fd7e6\" data-element_type=\"container\">\n\t\t\t\t<div class=\"elementor-element elementor-element-980a036 elementor-widget__width-initial elementor-widget-tablet__width-inherit elementor-position-top elementor-widget elementor-widget-image-box\" data-id=\"980a036\" data-element_type=\"widget\" data-widget_type=\"image-box.default\">\n\t\t\t\t<div class=\"elementor-widget-container\">\n\t\t\t\t\t<div class=\"elementor-image-box-wrapper\"><figure class=\"elementor-image-box-img\"><img decoding=\"async\" width=\"45\" height=\"11\" src=\"https:\/\/elevata.siteup.dev\/wp-content\/uploads\/2025\/02\/ico.svg\" class=\"attachment-full size-full wp-image-1294\" alt=\"ico\" \/><\/figure><div class=\"elementor-image-box-content\"><h3 class=\"elementor-image-box-title\">About us<\/h3><p class=\"elementor-image-box-description\">At Elevata, we help businesses fully unlock the power of the cloud.<\/p><\/div><\/div>\t\t\t\t<\/div>\n\t\t\t\t<\/div>\n\t\t\t\t<\/div>\n\t\t<div class=\"elementor-element elementor-element-2c5d95d e-con-full e-flex e-con e-child\" data-id=\"2c5d95d\" data-element_type=\"container\">\n\t\t\t\t<div class=\"elementor-element elementor-element-44292fe elementor-widget__width-inherit elementor-widget elementor-widget-text-editor\" data-id=\"44292fe\" data-element_type=\"widget\" data-widget_type=\"text-editor.default\">\n\t\t\t\t<div class=\"elementor-widget-container\">\n\t\t\t\t\t\t\t\t\t<p>With tailored expertise and solutions, we don\u2019t just keep you in the game \u2014 we put you ahead of it.<\/p><p>\u00a0<\/p><p>As your trusted partner, we deliver real results by leveraging cutting-edge technology to ensure your success in a constantly evolving digital landscape.<\/p>\t\t\t\t\t\t\t\t<\/div>\n\t\t\t\t<\/div>\n\t\t\t\t<\/div>\n\t\t\t\t\t<\/div>\n\t\t\t\t<\/div>\n\t\t<div class=\"elementor-element elementor-element-1cc609d e-con-full e-flex e-con e-parent\" data-id=\"1cc609d\" data-element_type=\"container\">\n\t\t\t\t<div class=\"elementor-element elementor-element-6f41be1 elementor-widget elementor-widget-image-carousel\" data-id=\"6f41be1\" data-element_type=\"widget\" data-settings=\"{&quot;slides_to_show&quot;:&quot;4&quot;,&quot;navigation&quot;:&quot;none&quot;,&quot;autoplay_speed&quot;:0,&quot;speed&quot;:8000,&quot;image_spacing_custom&quot;:{&quot;unit&quot;:&quot;px&quot;,&quot;size&quot;:16,&quot;sizes&quot;:[]},&quot;autoplay&quot;:&quot;yes&quot;,&quot;infinite&quot;:&quot;yes&quot;,&quot;image_spacing_custom_laptop&quot;:{&quot;unit&quot;:&quot;px&quot;,&quot;size&quot;:&quot;&quot;,&quot;sizes&quot;:[]},&quot;image_spacing_custom_tablet&quot;:{&quot;unit&quot;:&quot;px&quot;,&quot;size&quot;:&quot;&quot;,&quot;sizes&quot;:[]},&quot;image_spacing_custom_mobile&quot;:{&quot;unit&quot;:&quot;px&quot;,&quot;size&quot;:&quot;&quot;,&quot;sizes&quot;:[]}}\" data-widget_type=\"image-carousel.default\">\n\t\t\t\t<div class=\"elementor-widget-container\">\n\t\t\t\t\t\t\t<div class=\"elementor-image-carousel-wrapper swiper\" role=\"region\" aria-roledescription=\"carousel\" aria-label=\"Carrossel de imagens\" dir=\"ltr\">\n\t\t\t<div class=\"elementor-image-carousel swiper-wrapper\" aria-live=\"off\">\n\t\t\t\t\t\t\t\t<div class=\"swiper-slide\" role=\"group\" aria-roledescription=\"slide\" aria-label=\"1 of 4\"><figure class=\"swiper-slide-inner\"><img decoding=\"async\" class=\"swiper-slide-image\" src=\"https:\/\/elevata.siteup.dev\/wp-content\/uploads\/2024\/12\/sobre01.png\" alt=\"sobre\" \/><\/figure><\/div><div class=\"swiper-slide\" role=\"group\" aria-roledescription=\"slide\" aria-label=\"2 of 4\"><figure class=\"swiper-slide-inner\"><img decoding=\"async\" class=\"swiper-slide-image\" src=\"https:\/\/elevata.siteup.dev\/wp-content\/uploads\/2024\/12\/sobre02.png\" alt=\"sobre\" \/><\/figure><\/div><div class=\"swiper-slide\" role=\"group\" aria-roledescription=\"slide\" aria-label=\"3 of 4\"><figure class=\"swiper-slide-inner\"><img decoding=\"async\" class=\"swiper-slide-image\" src=\"https:\/\/elevata.siteup.dev\/wp-content\/uploads\/2024\/12\/sobre03.png\" alt=\"sobre\" \/><\/figure><\/div><div class=\"swiper-slide\" role=\"group\" aria-roledescription=\"slide\" aria-label=\"4 of 4\"><figure class=\"swiper-slide-inner\"><img decoding=\"async\" class=\"swiper-slide-image\" src=\"https:\/\/elevata.siteup.dev\/wp-content\/uploads\/2024\/12\/sobre04.png\" alt=\"sobre\" \/><\/figure><\/div>\t\t\t<\/div>\n\t\t\t\t\t\t\t\n\t\t\t\t\t\t\t\t\t<\/div>\n\t\t\t\t\t\t<\/div>\n\t\t\t\t<\/div>\n\t\t\t\t<\/div>\n\t\t<div class=\"elementor-element elementor-element-9a3b688 e-flex e-con-boxed e-con e-parent\" data-id=\"9a3b688\" data-element_type=\"container\">\n\t\t\t\t\t<div class=\"e-con-inner\">\n\t\t<div class=\"elementor-element elementor-element-9ac73cf e-con-full e-flex e-con e-child\" data-id=\"9ac73cf\" data-element_type=\"container\">\n\t\t\t\t<div class=\"elementor-element elementor-element-d75b31a elementor-widget__width-initial elementor-position-top elementor-widget elementor-widget-image-box\" data-id=\"d75b31a\" data-element_type=\"widget\" data-widget_type=\"image-box.default\">\n\t\t\t\t<div class=\"elementor-widget-container\">\n\t\t\t\t\t<div class=\"elementor-image-box-wrapper\"><figure class=\"elementor-image-box-img\"><img decoding=\"async\" width=\"45\" height=\"11\" src=\"https:\/\/elevata.siteup.dev\/wp-content\/uploads\/2025\/02\/ico.svg\" class=\"attachment-full size-full wp-image-1294\" alt=\"ico\" \/><\/figure><div class=\"elementor-image-box-content\"><h3 class=\"elementor-image-box-title\">Commitment to Excellence<\/h3><p class=\"elementor-image-box-description\">At Elevata, excellence isn\u2019t just a goal \u2014 it\u2019s our standard. <br><br>\n\nWe take a customer-first approach, focusing on understanding your unique needs and challenges. Our technical expertise and strategic vision combine to deliver custom solutions that not only solve complex problems but also unlock new opportunities for growth and innovation.<\/p><\/div><\/div>\t\t\t\t<\/div>\n\t\t\t\t<\/div>\n\t\t\t\t<div class=\"elementor-element elementor-element-78cc8b3 elementor-widget elementor-widget-button\" data-id=\"78cc8b3\" data-element_type=\"widget\" data-widget_type=\"button.default\">\n\t\t\t\t<div class=\"elementor-widget-container\">\n\t\t\t\t\t\t\t\t\t<div class=\"elementor-button-wrapper\">\n\t\t\t\t\t<a class=\"elementor-button elementor-button-link elementor-size-sm\" href=\"https:\/\/elevata.siteup.dev\/en\/contato\/\">\n\t\t\t\t\t\t<span class=\"elementor-button-content-wrapper\">\n\t\t\t\t\t\t\t\t\t<span class=\"elementor-button-text\">Get in touch<\/span>\n\t\t\t\t\t<\/span>\n\t\t\t\t\t<\/a>\n\t\t\t\t<\/div>\n\t\t\t\t\t\t\t\t<\/div>\n\t\t\t\t<\/div>\n\t\t\t\t<\/div>\n\t\t<div class=\"elementor-element elementor-element-97ed1db e-con-full e-flex e-con e-child\" data-id=\"97ed1db\" data-element_type=\"container\">\n\t\t\t\t<div class=\"elementor-element elementor-element-c813a51 elementor-widget__width-initial elementor-widget elementor-widget-image-box\" data-id=\"c813a51\" data-element_type=\"widget\" data-widget_type=\"image-box.default\">\n\t\t\t\t<div class=\"elementor-widget-container\">\n\t\t\t\t\t<div class=\"elementor-image-box-wrapper\"><div class=\"elementor-image-box-content\"><h3 class=\"elementor-image-box-title\">Proven Cloud Solutions<\/h3><p class=\"elementor-image-box-description\">We develop cutting-edge solutions based on industry-leading practices, tailored to every stage of your cloud journey.<\/p><\/div><\/div>\t\t\t\t<\/div>\n\t\t\t\t<\/div>\n\t\t\t\t<div class=\"elementor-element elementor-element-159de69 elementor-widget__width-initial elementor-widget elementor-widget-image-box\" data-id=\"159de69\" data-element_type=\"widget\" data-widget_type=\"image-box.default\">\n\t\t\t\t<div class=\"elementor-widget-container\">\n\t\t\t\t\t<div class=\"elementor-image-box-wrapper\"><div class=\"elementor-image-box-content\"><h3 class=\"elementor-image-box-title\">Certified Professionals<\/h3><p class=\"elementor-image-box-description\">Our team consists of highly certified engineers and architects, with proven expertise in designing, building, and migrating workloads.<\/p><\/div><\/div>\t\t\t\t<\/div>\n\t\t\t\t<\/div>\n\t\t\t\t<div class=\"elementor-element elementor-element-acac18e elementor-widget__width-initial elementor-widget elementor-widget-image-box\" data-id=\"acac18e\" data-element_type=\"widget\" data-widget_type=\"image-box.default\">\n\t\t\t\t<div class=\"elementor-widget-container\">\n\t\t\t\t\t<div class=\"elementor-image-box-wrapper\"><div class=\"elementor-image-box-content\"><h3 class=\"elementor-image-box-title\">Training<\/h3><p class=\"elementor-image-box-description\">We don\u2019t just deliver solutions. We offer training programs to strengthen your internal capabilities, empowering your team to operate in the cloud with confidence.<\/p><\/div><\/div>\t\t\t\t<\/div>\n\t\t\t\t<\/div>\n\t\t\t\t<div class=\"elementor-element elementor-element-d67854d elementor-widget__width-initial elementor-widget elementor-widget-image-box\" data-id=\"d67854d\" data-element_type=\"widget\" data-widget_type=\"image-box.default\">\n\t\t\t\t<div class=\"elementor-widget-container\">\n\t\t\t\t\t<div class=\"elementor-image-box-wrapper\"><div class=\"elementor-image-box-content\"><h3 class=\"elementor-image-box-title\">Funding Support<\/h3><p class=\"elementor-image-box-description\">We help you access AWS funding options that offer financial assistance to reduce the costs of your cloud migration. This enables a smoother transition to the cloud and helps you maximize your investment.<\/p><\/div><\/div>\t\t\t\t<\/div>\n\t\t\t\t<\/div>\n\t\t\t\t<\/div>\n\t\t\t\t\t<\/div>\n\t\t\t\t<\/div>\n\t\t<div class=\"elementor-element elementor-element-8c91020 e-flex e-con-boxed e-con e-parent\" data-id=\"8c91020\" data-element_type=\"container\" data-settings=\"{&quot;background_background&quot;:&quot;classic&quot;}\">\n\t\t\t\t\t<div class=\"e-con-inner\">\n\t\t\t\t<div class=\"elementor-element elementor-element-eb1381f elementor-widget__width-initial elementor-widget-mobile__width-inherit elementor-widget-tablet__width-inherit elementor-position-top elementor-widget elementor-widget-image-box\" data-id=\"eb1381f\" data-element_type=\"widget\" data-widget_type=\"image-box.default\">\n\t\t\t\t<div class=\"elementor-widget-container\">\n\t\t\t\t\t<div class=\"elementor-image-box-wrapper\"><figure class=\"elementor-image-box-img\"><img decoding=\"async\" width=\"45\" height=\"11\" src=\"https:\/\/elevata.siteup.dev\/wp-content\/uploads\/2025\/02\/ico.svg\" class=\"attachment-full size-full wp-image-1294\" alt=\"ico\" \/><\/figure><div class=\"elementor-image-box-content\"><h3 class=\"elementor-image-box-title\">Continuous Innovation and Lasting Partnership<\/h3><p class=\"elementor-image-box-description\">We believe that innovation is a continuous process. That\u2019s why we always stay up to date with the latest cloud trends and technologies, ensuring our customers are always ahead of the curve. <br><br>\n\nOur commitment is to be more than a service provider; we are long-term partners in our clients' journey to success.<\/p><\/div><\/div>\t\t\t\t<\/div>\n\t\t\t\t<\/div>\n\t\t\t\t\t<\/div>\n\t\t\t\t<\/div>\n\t\t<div class=\"elementor-element elementor-element-6ca57a6 e-flex e-con-boxed e-con e-parent\" data-id=\"6ca57a6\" data-element_type=\"container\" data-settings=\"{&quot;background_background&quot;:&quot;classic&quot;}\">\n\t\t\t\t\t<div class=\"e-con-inner\">\n\t\t\t\t<div class=\"elementor-element elementor-element-92539dd elementor-widget__width-initial elementor-widget-mobile__width-inherit elementor-position-top elementor-widget elementor-widget-image-box\" data-id=\"92539dd\" data-element_type=\"widget\" data-widget_type=\"image-box.default\">\n\t\t\t\t<div class=\"elementor-widget-container\">\n\t\t\t\t\t<div class=\"elementor-image-box-wrapper\"><figure class=\"elementor-image-box-img\"><img decoding=\"async\" width=\"45\" height=\"11\" src=\"https:\/\/elevata.siteup.dev\/wp-content\/uploads\/2025\/02\/ico.svg\" class=\"attachment-full size-full wp-image-1294\" alt=\"ico\" \/><\/figure><div class=\"elementor-image-box-content\"><h3 class=\"elementor-image-box-title\">Careers at Elevata<\/h3><p class=\"elementor-image-box-description\">At Elevata, we offer more than just a job \u2014 we provide a space where our people can thrive, innovate, and shape the future of cloud technology. Our team is our greatest asset, and we\u2019re committed to creating an environment that values learning, growth, and collaboration.<\/p><\/div><\/div>\t\t\t\t<\/div>\n\t\t\t\t<\/div>\n\t\t\t\t<div class=\"elementor-element elementor-element-6f8b3ea elementor-widget elementor-widget-button\" data-id=\"6f8b3ea\" data-element_type=\"widget\" data-widget_type=\"button.default\">\n\t\t\t\t<div class=\"elementor-widget-container\">\n\t\t\t\t\t\t\t\t\t<div class=\"elementor-button-wrapper\">\n\t\t\t\t\t<a class=\"elementor-button elementor-button-link elementor-size-sm\" href=\"https:\/\/elevata.siteup.dev\/en\/carreiras\/\">\n\t\t\t\t\t\t<span class=\"elementor-button-content-wrapper\">\n\t\t\t\t\t\t\t\t\t<span class=\"elementor-button-text\">Work with us<\/span>\n\t\t\t\t\t<\/span>\n\t\t\t\t\t<\/a>\n\t\t\t\t<\/div>\n\t\t\t\t\t\t\t\t<\/div>\n\t\t\t\t<\/div>\n\t\t\t\t\t<\/div>\n\t\t\t\t<\/div>\n\t\t\t\t<\/div>","protected":false},"excerpt":{"rendered":"<p>Consultoria em Cloud Democratizando inova\u00e7\u00e3o, elevando neg\u00f3cios Sobre n\u00f3s Na Elevata, ajudamos empresas a explorar todo o potencial da cloud. Com solu\u00e7\u00f5es sob medida e nossa expertise, n\u00e3o apenas acompanhamos o ritmo \u2014 colocamos voc\u00ea \u00e0 frente. Como seu parceiro de confian\u00e7a, entregamos resultados concretos, sempre aproveitando as tecnologias mais avan\u00e7adas para garantir seu sucesso [&hellip;]<\/p>","protected":false},"author":4002,"featured_media":0,"parent":0,"menu_order":0,"comment_status":"closed","ping_status":"closed","template":"","meta":{"footnotes":""},"class_list":["post-412","page","type-page","status-publish","hentry"],"yoast_head":"<!-- This site is optimized with the Yoast SEO plugin v24.5 - https:\/\/yoast.com\/wordpress\/plugins\/seo\/ -->\n<title>Quem Somos | Elevata<\/title>\n<meta name=\"description\" content=\"Explore o potencial da nuvem com solu\u00e7\u00f5es sob medida da Elevata. Expertise em AWS, migra\u00e7\u00e3o e IA generativa.\" \/>\n<meta name=\"robots\" content=\"noindex, follow, max-snippet:-1, max-image-preview:large, max-video-preview:-1\" \/>\n<meta property=\"og:locale\" content=\"en_US\" \/>\n<meta property=\"og:type\" content=\"article\" \/>\n<meta property=\"og:title\" content=\"Quem Somos | Elevata\" \/>\n<meta property=\"og:description\" content=\"Explore o potencial da nuvem com solu\u00e7\u00f5es sob medida da Elevata. Expertise em AWS, migra\u00e7\u00e3o e IA generativa.\" \/>\n<meta property=\"og:url\" content=\"https:\/\/elevata.siteup.dev\/en\/sobre-nos\/\" \/>\n<meta property=\"og:site_name\" content=\"Elevata\" \/>\n<meta property=\"article:modified_time\" content=\"2025-02-04T13:41:44+00:00\" \/>\n<meta property=\"og:image\" content=\"https:\/\/elevata.siteup.dev\/wp-content\/uploads\/2025\/02\/ico.svg\" \/>\n<meta name=\"twitter:card\" content=\"summary_large_image\" \/>\n<meta name=\"twitter:label1\" content=\"Est. reading time\" \/>\n\t<meta name=\"twitter:data1\" content=\"4 minutes\" \/>\n<script type=\"application\/ld+json\" class=\"yoast-schema-graph\">{\"@context\":\"https:\/\/schema.org\",\"@graph\":[{\"@type\":\"WebPage\",\"@id\":\"https:\/\/elevata.siteup.dev\/sobre-nos\/\",\"url\":\"https:\/\/elevata.siteup.dev\/sobre-nos\/\",\"name\":\"Quem Somos | Elevata\",\"isPartOf\":{\"@id\":\"https:\/\/elevata.siteup.dev\/#website\"},\"primaryImageOfPage\":{\"@id\":\"https:\/\/elevata.siteup.dev\/sobre-nos\/#primaryimage\"},\"image\":{\"@id\":\"https:\/\/elevata.siteup.dev\/sobre-nos\/#primaryimage\"},\"thumbnailUrl\":\"https:\/\/elevata.siteup.dev\/wp-content\/uploads\/2025\/02\/ico.svg\",\"datePublished\":\"2024-12-18T21:46:48+00:00\",\"dateModified\":\"2025-02-04T13:41:44+00:00\",\"description\":\"Explore o potencial da nuvem com solu\u00e7\u00f5es sob medida da Elevata. Expertise em AWS, migra\u00e7\u00e3o e IA generativa.\",\"breadcrumb\":{\"@id\":\"https:\/\/elevata.siteup.dev\/sobre-nos\/#breadcrumb\"},\"inLanguage\":\"en-US\",\"potentialAction\":[{\"@type\":\"ReadAction\",\"target\":[\"https:\/\/elevata.siteup.dev\/sobre-nos\/\"]}]},{\"@type\":\"ImageObject\",\"inLanguage\":\"en-US\",\"@id\":\"https:\/\/elevata.siteup.dev\/sobre-nos\/#primaryimage\",\"url\":\"https:\/\/elevata.siteup.dev\/wp-content\/uploads\/2025\/02\/ico.svg\",\"contentUrl\":\"https:\/\/elevata.siteup.dev\/wp-content\/uploads\/2025\/02\/ico.svg\"},{\"@type\":\"BreadcrumbList\",\"@id\":\"https:\/\/elevata.siteup.dev\/sobre-nos\/#breadcrumb\",\"itemListElement\":[{\"@type\":\"ListItem\",\"position\":1,\"name\":\"In\u00edcio\",\"item\":\"https:\/\/elevata.siteup.dev\/\"},{\"@type\":\"ListItem\",\"position\":2,\"name\":\"Sobre n\u00f3s\"}]},{\"@type\":\"WebSite\",\"@id\":\"https:\/\/elevata.siteup.dev\/#website\",\"url\":\"https:\/\/elevata.siteup.dev\/\",\"name\":\"Elevata\",\"description\":\"\",\"potentialAction\":[{\"@type\":\"SearchAction\",\"target\":{\"@type\":\"EntryPoint\",\"urlTemplate\":\"https:\/\/elevata.siteup.dev\/?s={search_term_string}\"},\"query-input\":{\"@type\":\"PropertyValueSpecification\",\"valueRequired\":true,\"valueName\":\"search_term_string\"}}],\"inLanguage\":\"en-US\"}]}<\/script>\n<!-- \/ Yoast SEO plugin. -->","yoast_head_json":{"title":"Quem Somos | Elevata","description":"Explore o potencial da nuvem com solu\u00e7\u00f5es sob medida da Elevata. Expertise em AWS, migra\u00e7\u00e3o e IA generativa.","robots":{"index":"noindex","follow":"follow","max-snippet":"max-snippet:-1","max-image-preview":"max-image-preview:large","max-video-preview":"max-video-preview:-1"},"og_locale":"en_US","og_type":"article","og_title":"Quem Somos | Elevata","og_description":"Explore o potencial da nuvem com solu\u00e7\u00f5es sob medida da Elevata. Expertise em AWS, migra\u00e7\u00e3o e IA generativa.","og_url":"https:\/\/elevata.siteup.dev\/en\/sobre-nos\/","og_site_name":"Elevata","article_modified_time":"2025-02-04T13:41:44+00:00","og_image":[{"url":"https:\/\/elevata.siteup.dev\/wp-content\/uploads\/2025\/02\/ico.svg","type":"","width":"","height":""}],"twitter_card":"summary_large_image","twitter_misc":{"Est. reading time":"4 minutes"},"schema":{"@context":"https:\/\/schema.org","@graph":[{"@type":"WebPage","@id":"https:\/\/elevata.siteup.dev\/sobre-nos\/","url":"https:\/\/elevata.siteup.dev\/sobre-nos\/","name":"Quem Somos | Elevata","isPartOf":{"@id":"https:\/\/elevata.siteup.dev\/#website"},"primaryImageOfPage":{"@id":"https:\/\/elevata.siteup.dev\/sobre-nos\/#primaryimage"},"image":{"@id":"https:\/\/elevata.siteup.dev\/sobre-nos\/#primaryimage"},"thumbnailUrl":"https:\/\/elevata.siteup.dev\/wp-content\/uploads\/2025\/02\/ico.svg","datePublished":"2024-12-18T21:46:48+00:00","dateModified":"2025-02-04T13:41:44+00:00","description":"Explore o potencial da nuvem com solu\u00e7\u00f5es sob medida da Elevata. Expertise em AWS, migra\u00e7\u00e3o e IA generativa.","breadcrumb":{"@id":"https:\/\/elevata.siteup.dev\/sobre-nos\/#breadcrumb"},"inLanguage":"en-US","potentialAction":[{"@type":"ReadAction","target":["https:\/\/elevata.siteup.dev\/sobre-nos\/"]}]},{"@type":"ImageObject","inLanguage":"en-US","@id":"https:\/\/elevata.siteup.dev\/sobre-nos\/#primaryimage","url":"https:\/\/elevata.siteup.dev\/wp-content\/uploads\/2025\/02\/ico.svg","contentUrl":"https:\/\/elevata.siteup.dev\/wp-content\/uploads\/2025\/02\/ico.svg"},{"@type":"BreadcrumbList","@id":"https:\/\/elevata.siteup.dev\/sobre-nos\/#breadcrumb","itemListElement":[{"@type":"ListItem","position":1,"name":"In\u00edcio","item":"https:\/\/elevata.siteup.dev\/"},{"@type":"ListItem","position":2,"name":"Sobre n\u00f3s"}]},{"@type":"WebSite","@id":"https:\/\/elevata.siteup.dev\/#website","url":"https:\/\/elevata.siteup.dev\/","name":"Elevata","description":"","potentialAction":[{"@type":"SearchAction","target":{"@type":"EntryPoint","urlTemplate":"https:\/\/elevata.siteup.dev\/?s={search_term_string}"},"query-input":{"@type":"PropertyValueSpecification","valueRequired":true,"valueName":"search_term_string"}}],"inLanguage":"en-US"}]}},"_links":{"self":[{"href":"https:\/\/elevata.siteup.dev\/en\/wp-json\/wp\/v2\/pages\/412","targetHints":{"allow":["GET"]}}],"collection":[{"href":"https:\/\/elevata.siteup.dev\/en\/wp-json\/wp\/v2\/pages"}],"about":[{"href":"https:\/\/elevata.siteup.dev\/en\/wp-json\/wp\/v2\/types\/page"}],"author":[{"embeddable":true,"href":"https:\/\/elevata.siteup.dev\/en\/wp-json\/wp\/v2\/users\/4002"}],"replies":[{"embeddable":true,"href":"https:\/\/elevata.siteup.dev\/en\/wp-json\/wp\/v2\/comments?post=412"}],"version-history":[{"count":64,"href":"https:\/\/elevata.siteup.dev\/en\/wp-json\/wp\/v2\/pages\/412\/revisions"}],"predecessor-version":[{"id":1436,"href":"https:\/\/elevata.siteup.dev\/en\/wp-json\/wp\/v2\/pages\/412\/revisions\/1436"}],"wp:attachment":[{"href":"https:\/\/elevata.siteup.dev\/en\/wp-json\/wp\/v2\/media?parent=412"}],"curies":[{"name":"wp","href":"https:\/\/api.w.org\/{rel}","templated":true}]}}